{"id":338,"date":"2024-10-24T12:11:57","date_gmt":"2024-10-24T18:11:57","guid":{"rendered":"https:\/\/frenchdliframework.com\/?page_id=338"},"modified":"2025-04-13T10:38:42","modified_gmt":"2025-04-13T16:38:42","slug":"counterbalanced-instruction","status":"publish","type":"page","link":"https:\/\/frenchdliframework.com\/fr\/counterbalanced-instruction\/","title":{"rendered":"7. L'approche int\u00e9gr\u00e9e"},"content":{"rendered":"<p class=\"has-text-align-center wp-block-paragraph\"><strong>L'Approche int\u00e9gr\u00e9e : une m\u00e9thode p\u00e9dagogique pour l'apprentissage du contenu et de la langue<\/strong><\/p>\n\n\n<div class=\"wp-block-image\">\n<figure class=\"aligncenter size-full is-resized\"><a href=\"https:\/\/www.editionscec.com\/qc_fr\/vers-une-approche-integree-en-immersion.html\"><img data-recalc-dims=\"1\" loading=\"lazy\" decoding=\"async\" width=\"430\" height=\"560\" data-attachment-id=\"391\" data-permalink=\"https:\/\/frenchdliframework.com\/fr\/counterbalanced-instruction\/capture-decran-2024-10-28-a-11-43-28-3\/\" data-orig-file=\"https:\/\/i0.wp.com\/frenchdliframework.com\/wp-content\/uploads\/2024\/10\/Capture-decran-2024-10-28-a-11.43.28-2.png?fit=430%2C560&amp;ssl=1\" data-orig-size=\"430,560\" data-comments-opened=\"1\" data-image-meta=\"{&quot;aperture&quot;:&quot;0&quot;,&quot;credit&quot;:&quot;&quot;,&quot;camera&quot;:&quot;&quot;,&quot;caption&quot;:&quot;&quot;,&quot;created_timestamp&quot;:&quot;0&quot;,&quot;copyright&quot;:&quot;&quot;,&quot;focal_length&quot;:&quot;0&quot;,&quot;iso&quot;:&quot;0&quot;,&quot;shutter_speed&quot;:&quot;0&quot;,&quot;title&quot;:&quot;&quot;,&quot;orientation&quot;:&quot;0&quot;}\" data-image-title=\"Capture d\u2019e\u0301cran 2024-10-28 a\u0300 11.43.28\" data-image-description=\"\" data-image-caption=\"\" data-large-file=\"https:\/\/i0.wp.com\/frenchdliframework.com\/wp-content\/uploads\/2024\/10\/Capture-decran-2024-10-28-a-11.43.28-2.png?fit=430%2C560&amp;ssl=1\" src=\"https:\/\/i0.wp.com\/frenchdliframework.com\/wp-content\/uploads\/2024\/10\/Capture-decran-2024-10-28-a-11.43.28-2.png?resize=430%2C560&#038;ssl=1\" alt=\"\" class=\"wp-image-391\" style=\"width:343px;height:auto\" srcset=\"https:\/\/i0.wp.com\/frenchdliframework.com\/wp-content\/uploads\/2024\/10\/Capture-decran-2024-10-28-a-11.43.28-2.png?w=430&amp;ssl=1 430w, https:\/\/i0.wp.com\/frenchdliframework.com\/wp-content\/uploads\/2024\/10\/Capture-decran-2024-10-28-a-11.43.28-2.png?resize=230%2C300&amp;ssl=1 230w\" sizes=\"auto, (max-width: 430px) 100vw, 430px\" \/><\/a><figcaption class=\"wp-element-caption\"><a href=\"https:\/\/www.editionscec.com\/qc_fr\/vers-une-approche-integree-en-immersion.html\"><mark style=\"background-color:rgba(0, 0, 0, 0);color:#1307e3\" class=\"has-inline-color\">Vers une approche int\u00e9gr\u00e9e en immersion<\/mark><\/a> (Roy Lyster, 2016)<\/figcaption><\/figure>\n<\/div>\n\n\n<h2 class=\"wp-block-heading\">Aper\u00e7u g\u00e9n\u00e9ral <\/h2>\n\n\n\n<div class=\"wp-block-group is-nowrap is-layout-flex wp-container-core-group-is-layout-8f761849 wp-block-group-is-layout-flex\">\n<p class=\"wp-block-paragraph\">L'approche int\u00e9gr\u00e9e est une m\u00e9thode p\u00e9dagogique d\u00e9velopp\u00e9e par Roy Lyster, con\u00e7ue pour faire passer l'attention des \u00e9l\u00e8ves entre les objectifs de contenu et de langue. En int\u00e9grant la langue et le contenu disciplinaire, cette m\u00e9thode vise \u00e0 promouvoir un \u00e9quilibre qui enrichit \u00e0 la fois la comp\u00e9tence linguistique et la compr\u00e9hension des mati\u00e8res. La strat\u00e9gie att\u00e9nue deux pi\u00e8ges courants dans l'apprentissage des langues : la surcharge cognitive (lorsque trop d'informations sont pr\u00e9sent\u00e9es en m\u00eame temps, ce qui submerge les \u00e9l\u00e8ves) et la fossilisation des erreurs grammaticales (lorsque des erreurs r\u00e9currentes deviennent ancr\u00e9es).<\/p>\n<\/div>\n\n\n\n<h3 class=\"wp-block-heading\">Principes cl\u00e9s de l'approche int\u00e9gr\u00e9e<\/h3>\n\n\n\n<ol class=\"wp-block-list\">\n<li><strong>Concentration intentionnelle sur le contenu et la langue<\/strong>\n<ul class=\"wp-block-list\">\n<li><strong>Les objectifs disciplinaires<\/strong> se concentrent sur la compr\u00e9hension de la mati\u00e8re, tandis que <strong>Les objectifs langagiers<\/strong> guident les \u00e9l\u00e8ves dans l'utilisation d'un langage pr\u00e9cis pour exprimer des id\u00e9es li\u00e9es au contenu.<\/li>\n\n\n\n<li>Cette approche encourage les \u00e9l\u00e8ves \u00e0 comprendre la langue dans le contexte de leurs \u00e9tudes, plut\u00f4t que par des exercices de grammaire isol\u00e9s, ce qui, selon la recherche, est essentiel pour une r\u00e9tention \u00e0 long terme.<\/li>\n<\/ul>\n<\/li>\n\n\n\n<li><strong>\u00c9viter la simplification excessive de la langue<\/strong>\n<ul class=\"wp-block-list\">\n<li>Les enseignant.es simplifient souvent consid\u00e9rablement leur langage, par exemple, en utilisant principalement le temps pr\u00e9sent. L'approche int\u00e9gr\u00e9e, en revanche, encourage les enseignant.es \u00e0 utiliser des temps et des structures vari\u00e9s pour refl\u00e9ter l'utilisation authentique de la langue, favorisant ainsi un meilleur d\u00e9veloppement linguistique chez les \u00e9l\u00e8ves.<\/li>\n<\/ul>\n<\/li>\n\n\n\n<li><strong>Traitement cognitif et r\u00e9tention<\/strong>\n<ul class=\"wp-block-list\">\n<li>Un focus contextualis\u00e9 sur la forme, o\u00f9 les structures linguistiques sont enseign\u00e9es dans le contexte de la mati\u00e8re, aide \u00e0 la r\u00e9tention \u00e0 long terme des nouveaux concepts linguistiques.<\/li>\n\n\n\n<li>Par exemple, utiliser un contenu disciplinaire comme des lignes du temps en \u00e9tudes sociales ou des explications scientifiques pour transmettre des formes linguistiques peut am\u00e9liorer la r\u00e9tention et approfondir la compr\u00e9hension.<\/li>\n<\/ul>\n<\/li>\n<\/ol>\n\n\n\n<h3 class=\"wp-block-heading\">Strat\u00e9gies p\u00e9dagogiques dans l'approche int\u00e9gr\u00e9e<\/h3>\n\n\n\n<p class=\"wp-block-paragraph\">L'approche int\u00e9gr\u00e9e s'appuie sur une gamme d'activit\u00e9s d'enseignement pour engager les \u00e9l\u00e8ves \u00e0 diff\u00e9rents stades de l'apprentissage : <strong>la perception<\/strong>, <strong>la conscientisation<\/strong>, <strong>la pratique guid\u00e9e<\/strong>, et <strong>l'autonomie<\/strong>.<\/p>\n\n\n<div class=\"wp-block-image\">\n<figure class=\"aligncenter size-large\"><a href=\"https:\/\/www.acpi.ca\/wp-content\/uploads\/2020\/07\/Webinaire-ACPI.pdf\"><img data-recalc-dims=\"1\" loading=\"lazy\" decoding=\"async\" width=\"736\" height=\"371\" data-attachment-id=\"539\" data-permalink=\"https:\/\/frenchdliframework.com\/fr\/counterbalanced-instruction\/capture-decran-2024-11-15-a-10-57-08\/\" data-orig-file=\"https:\/\/i0.wp.com\/frenchdliframework.com\/wp-content\/uploads\/2024\/11\/Capture-decran-2024-11-15-a-10.57.08.png?fit=2216%2C1116&amp;ssl=1\" data-orig-size=\"2216,1116\" data-comments-opened=\"1\" data-image-meta=\"{&quot;aperture&quot;:&quot;0&quot;,&quot;credit&quot;:&quot;&quot;,&quot;camera&quot;:&quot;&quot;,&quot;caption&quot;:&quot;&quot;,&quot;created_timestamp&quot;:&quot;0&quot;,&quot;copyright&quot;:&quot;&quot;,&quot;focal_length&quot;:&quot;0&quot;,&quot;iso&quot;:&quot;0&quot;,&quot;shutter_speed&quot;:&quot;0&quot;,&quot;title&quot;:&quot;&quot;,&quot;orientation&quot;:&quot;0&quot;}\" data-image-title=\"Capture d\u2019e\u0301cran 2024-11-15 a\u0300 10.57.08\" data-image-description=\"\" data-image-caption=\"\" data-large-file=\"https:\/\/i0.wp.com\/frenchdliframework.com\/wp-content\/uploads\/2024\/11\/Capture-decran-2024-11-15-a-10.57.08.png?fit=736%2C371&amp;ssl=1\" src=\"https:\/\/i0.wp.com\/frenchdliframework.com\/wp-content\/uploads\/2024\/11\/Capture-decran-2024-11-15-a-10.57.08.png?resize=736%2C371&#038;ssl=1\" alt=\"\" class=\"wp-image-539\" srcset=\"https:\/\/i0.wp.com\/frenchdliframework.com\/wp-content\/uploads\/2024\/11\/Capture-decran-2024-11-15-a-10.57.08.png?resize=1024%2C516&amp;ssl=1 1024w, https:\/\/i0.wp.com\/frenchdliframework.com\/wp-content\/uploads\/2024\/11\/Capture-decran-2024-11-15-a-10.57.08.png?resize=300%2C151&amp;ssl=1 300w, https:\/\/i0.wp.com\/frenchdliframework.com\/wp-content\/uploads\/2024\/11\/Capture-decran-2024-11-15-a-10.57.08.png?resize=768%2C387&amp;ssl=1 768w, https:\/\/i0.wp.com\/frenchdliframework.com\/wp-content\/uploads\/2024\/11\/Capture-decran-2024-11-15-a-10.57.08.png?resize=1536%2C774&amp;ssl=1 1536w, https:\/\/i0.wp.com\/frenchdliframework.com\/wp-content\/uploads\/2024\/11\/Capture-decran-2024-11-15-a-10.57.08.png?resize=2048%2C1031&amp;ssl=1 2048w, https:\/\/i0.wp.com\/frenchdliframework.com\/wp-content\/uploads\/2024\/11\/Capture-decran-2024-11-15-a-10.57.08.png?resize=18%2C9&amp;ssl=1 18w, https:\/\/i0.wp.com\/frenchdliframework.com\/wp-content\/uploads\/2024\/11\/Capture-decran-2024-11-15-a-10.57.08.png?resize=1200%2C604&amp;ssl=1 1200w, https:\/\/i0.wp.com\/frenchdliframework.com\/wp-content\/uploads\/2024\/11\/Capture-decran-2024-11-15-a-10.57.08.png?resize=1400%2C705&amp;ssl=1 1400w, https:\/\/i0.wp.com\/frenchdliframework.com\/wp-content\/uploads\/2024\/11\/Capture-decran-2024-11-15-a-10.57.08.png?resize=600%2C302&amp;ssl=1 600w, https:\/\/i0.wp.com\/frenchdliframework.com\/wp-content\/uploads\/2024\/11\/Capture-decran-2024-11-15-a-10.57.08.png?w=1472&amp;ssl=1 1472w, https:\/\/i0.wp.com\/frenchdliframework.com\/wp-content\/uploads\/2024\/11\/Capture-decran-2024-11-15-a-10.57.08.png?w=2208&amp;ssl=1 2208w\" sizes=\"auto, (max-width: 736px) 100vw, 736px\" \/><\/a><figcaption class=\"wp-element-caption\"><a href=\"https:\/\/www.acpi.ca\/wp-content\/uploads\/2020\/07\/Webinaire-ACPI.pdf\"><mark style=\"background-color:rgba(0, 0, 0, 0);color:#0718e3\" class=\"has-inline-color\">Enseigner la langue et enseigner le contenu : strat\u00e9gies pratiques pour trouver l\u2019\u00e9quilibre <br><\/mark><\/a><br>(Lesley Doell, Conseill\u00e8re p\u00e9dagogique nationale de l\u2019ACPI (2020)) <br><br><\/figcaption><\/figure>\n<\/div>\n\n\n<h3 class=\"wp-block-heading\">R\u00e9troaction corrective efficace et \u00e9tayage<\/h3>\n\n\n\n<p class=\"wp-block-paragraph\">L'approche int\u00e9gr\u00e9e met l'accent sur le retour d'information correctif et l'\u00e9tayage, o\u00f9 les enseignant.es identifient et traitent \u00e0 la fois les erreurs de contenu et de langue. Ce soutien inclut la mise en \u00e9vidence des inexactitudes linguistiques dans l'expression orale et \u00e9crite, l'offre de retours constructifs, et la distinction entre forme et signification dans la communication. Par exemple, un.e enseignant.e pourrait reconna\u00eetre l'id\u00e9e d'un \u00e9l\u00e8ve en disant : \u00ab Ce que tu dis est int\u00e9ressant. Comment pourrais-tu l'exprimer diff\u00e9remment ? \u00bb Ce retour non seulement valide la contribution de l'\u00e9l\u00e8ve, mais encourage \u00e9galement le raffinement de la langue. <\/p>\n\n\n\n<figure class=\"wp-block-video aligncenter wp-block-embed is-type-video is-provider-videopress\"><div class=\"wp-block-embed__wrapper\">\n<iframe title=\"VideoPress Video Player\" aria-label='VideoPress Video Player' width='736' height='414' src='https:\/\/videopress.com\/embed\/eb8RiEpI?cover=1&amp;preloadContent=metadata&amp;useAverageColor=1&amp;hd=0' frameborder='0' allowfullscreen data-resize-to-parent=\"true\" allow='clipboard-write'><\/iframe><script src='https:\/\/v0.wordpress.com\/js\/next\/videopress-iframe.js?m=1725245713'><\/script>\n<\/div><\/figure>\n\n\n\n<p class=\"has-text-align-center wp-block-paragraph\"><strong>7. Counterbalanced Instruction (L&#8217;approche int\u00e9gr\u00e9e) <\/strong><\/p>\n\n\n\n<div class=\"wp-block-group is-nowrap is-layout-flex wp-container-core-group-is-layout-8f761849 wp-block-group-is-layout-flex\">\n<figure class=\"wp-block-image size-full is-resized\"><a href=\"https:\/\/www.utahdli.org\/\"><img data-recalc-dims=\"1\" loading=\"lazy\" decoding=\"async\" width=\"540\" height=\"314\" data-attachment-id=\"407\" data-permalink=\"https:\/\/frenchdliframework.com\/fr\/home-2\/capture-decran-2024-10-28-a-15-54-48-2\/\" data-orig-file=\"https:\/\/i0.wp.com\/frenchdliframework.com\/wp-content\/uploads\/2024\/10\/Capture-decran-2024-10-28-a-15.54.48-1.png?fit=540%2C314&amp;ssl=1\" data-orig-size=\"540,314\" data-comments-opened=\"1\" data-image-meta=\"{&quot;aperture&quot;:&quot;0&quot;,&quot;credit&quot;:&quot;&quot;,&quot;camera&quot;:&quot;&quot;,&quot;caption&quot;:&quot;&quot;,&quot;created_timestamp&quot;:&quot;0&quot;,&quot;copyright&quot;:&quot;&quot;,&quot;focal_length&quot;:&quot;0&quot;,&quot;iso&quot;:&quot;0&quot;,&quot;shutter_speed&quot;:&quot;0&quot;,&quot;title&quot;:&quot;&quot;,&quot;orientation&quot;:&quot;0&quot;}\" data-image-title=\"Capture d\u2019e\u0301cran 2024-10-28 a\u0300 15.54.48\" data-image-description=\"\" data-image-caption=\"\" data-large-file=\"https:\/\/i0.wp.com\/frenchdliframework.com\/wp-content\/uploads\/2024\/10\/Capture-decran-2024-10-28-a-15.54.48-1.png?fit=540%2C314&amp;ssl=1\" src=\"https:\/\/i0.wp.com\/frenchdliframework.com\/wp-content\/uploads\/2024\/10\/Capture-decran-2024-10-28-a-15.54.48-1.png?resize=540%2C314&#038;ssl=1\" alt=\"\" class=\"wp-image-407\" style=\"width:239px;height:auto\" srcset=\"https:\/\/i0.wp.com\/frenchdliframework.com\/wp-content\/uploads\/2024\/10\/Capture-decran-2024-10-28-a-15.54.48-1.png?w=540&amp;ssl=1 540w, https:\/\/i0.wp.com\/frenchdliframework.com\/wp-content\/uploads\/2024\/10\/Capture-decran-2024-10-28-a-15.54.48-1.png?resize=300%2C174&amp;ssl=1 300w, https:\/\/i0.wp.com\/frenchdliframework.com\/wp-content\/uploads\/2024\/10\/Capture-decran-2024-10-28-a-15.54.48-1.png?resize=18%2C10&amp;ssl=1 18w\" sizes=\"auto, (max-width: 540px) 100vw, 540px\" \/><\/a><\/figure>\n\n\n\n<figure class=\"wp-block-image size-full is-resized\"><a href=\"https:\/\/www.expertisefrance.fr\/\"><img data-recalc-dims=\"1\" loading=\"lazy\" decoding=\"async\" width=\"524\" height=\"170\" data-attachment-id=\"409\" data-permalink=\"https:\/\/frenchdliframework.com\/fr\/home-2\/capture-decran-2024-10-28-a-15-57-32\/\" data-orig-file=\"https:\/\/i0.wp.com\/frenchdliframework.com\/wp-content\/uploads\/2024\/10\/Capture-decran-2024-10-28-a-15.57.32.png?fit=524%2C170&amp;ssl=1\" data-orig-size=\"524,170\" data-comments-opened=\"1\" data-image-meta=\"{&quot;aperture&quot;:&quot;0&quot;,&quot;credit&quot;:&quot;&quot;,&quot;camera&quot;:&quot;&quot;,&quot;caption&quot;:&quot;&quot;,&quot;created_timestamp&quot;:&quot;0&quot;,&quot;copyright&quot;:&quot;&quot;,&quot;focal_length&quot;:&quot;0&quot;,&quot;iso&quot;:&quot;0&quot;,&quot;shutter_speed&quot;:&quot;0&quot;,&quot;title&quot;:&quot;&quot;,&quot;orientation&quot;:&quot;0&quot;}\" data-image-title=\"Capture d\u2019e\u0301cran 2024-10-28 a\u0300 15.57.32\" data-image-description=\"\" data-image-caption=\"\" data-large-file=\"https:\/\/i0.wp.com\/frenchdliframework.com\/wp-content\/uploads\/2024\/10\/Capture-decran-2024-10-28-a-15.57.32.png?fit=524%2C170&amp;ssl=1\" src=\"https:\/\/i0.wp.com\/frenchdliframework.com\/wp-content\/uploads\/2024\/10\/Capture-decran-2024-10-28-a-15.57.32.png?resize=524%2C170&#038;ssl=1\" alt=\"\" class=\"wp-image-409\" style=\"width:367px;height:auto\" srcset=\"https:\/\/i0.wp.com\/frenchdliframework.com\/wp-content\/uploads\/2024\/10\/Capture-decran-2024-10-28-a-15.57.32.png?w=524&amp;ssl=1 524w, https:\/\/i0.wp.com\/frenchdliframework.com\/wp-content\/uploads\/2024\/10\/Capture-decran-2024-10-28-a-15.57.32.png?resize=300%2C97&amp;ssl=1 300w, https:\/\/i0.wp.com\/frenchdliframework.com\/wp-content\/uploads\/2024\/10\/Capture-decran-2024-10-28-a-15.57.32.png?resize=18%2C6&amp;ssl=1 18w\" sizes=\"auto, (max-width: 524px) 100vw, 524px\" \/><\/a><\/figure>\n\n\n\n<figure class=\"wp-block-image size-full is-resized\"><a href=\"https:\/\/fr.franceintheus.org\/\"><img data-recalc-dims=\"1\" loading=\"lazy\" decoding=\"async\" width=\"736\" height=\"555\" data-attachment-id=\"411\" data-permalink=\"https:\/\/frenchdliframework.com\/fr\/home-2\/capture-decran-2024-10-28-a-15-59-02\/\" data-orig-file=\"https:\/\/i0.wp.com\/frenchdliframework.com\/wp-content\/uploads\/2024\/10\/Capture-decran-2024-10-28-a-15.59.02.png?fit=880%2C664&amp;ssl=1\" data-orig-size=\"880,664\" data-comments-opened=\"1\" data-image-meta=\"{&quot;aperture&quot;:&quot;0&quot;,&quot;credit&quot;:&quot;&quot;,&quot;camera&quot;:&quot;&quot;,&quot;caption&quot;:&quot;&quot;,&quot;created_timestamp&quot;:&quot;0&quot;,&quot;copyright&quot;:&quot;&quot;,&quot;focal_length&quot;:&quot;0&quot;,&quot;iso&quot;:&quot;0&quot;,&quot;shutter_speed&quot;:&quot;0&quot;,&quot;title&quot;:&quot;&quot;,&quot;orientation&quot;:&quot;0&quot;}\" data-image-title=\"Capture d\u2019e\u0301cran 2024-10-28 a\u0300 15.59.02\" data-image-description=\"\" data-image-caption=\"\" data-large-file=\"https:\/\/i0.wp.com\/frenchdliframework.com\/wp-content\/uploads\/2024\/10\/Capture-decran-2024-10-28-a-15.59.02.png?fit=736%2C555&amp;ssl=1\" src=\"https:\/\/i0.wp.com\/frenchdliframework.com\/wp-content\/uploads\/2024\/10\/Capture-decran-2024-10-28-a-15.59.02.png?resize=736%2C555&#038;ssl=1\" alt=\"\" class=\"wp-image-411\" style=\"width:240px;height:auto\" srcset=\"https:\/\/i0.wp.com\/frenchdliframework.com\/wp-content\/uploads\/2024\/10\/Capture-decran-2024-10-28-a-15.59.02.png?w=880&amp;ssl=1 880w, https:\/\/i0.wp.com\/frenchdliframework.com\/wp-content\/uploads\/2024\/10\/Capture-decran-2024-10-28-a-15.59.02.png?resize=300%2C226&amp;ssl=1 300w, https:\/\/i0.wp.com\/frenchdliframework.com\/wp-content\/uploads\/2024\/10\/Capture-decran-2024-10-28-a-15.59.02.png?resize=768%2C579&amp;ssl=1 768w, https:\/\/i0.wp.com\/frenchdliframework.com\/wp-content\/uploads\/2024\/10\/Capture-decran-2024-10-28-a-15.59.02.png?resize=16%2C12&amp;ssl=1 16w, https:\/\/i0.wp.com\/frenchdliframework.com\/wp-content\/uploads\/2024\/10\/Capture-decran-2024-10-28-a-15.59.02.png?resize=200%2C150&amp;ssl=1 200w, https:\/\/i0.wp.com\/frenchdliframework.com\/wp-content\/uploads\/2024\/10\/Capture-decran-2024-10-28-a-15.59.02.png?resize=600%2C453&amp;ssl=1 600w\" sizes=\"auto, (max-width: 736px) 100vw, 736px\" \/><\/a><\/figure>\n<\/div>\n\n\n\n<p class=\"wp-block-paragraph\"><\/p>","protected":false},"excerpt":{"rendered":"<p>Counterbalanced Instruction: An Integrated Approach to Content and Language Learning Overview Counterbalanced instruction is a pedagogical approach developed by Roy Lyster, designed to shift students&#8217; attention back and forth between content and language objectives. By integrating language and disciplinary content, this method aims to promote a balanced focus that enriches both linguistic competence and subject&#8230; <a class=\"more-link\" href=\"https:\/\/frenchdliframework.com\/fr\/counterbalanced-instruction\/#more-338\">Lire la Suite &rarr;<\/a><\/p>","protected":false},"author":253769555,"featured_media":0,"parent":0,"menu_order":0,"comment_status":"closed","ping_status":"closed","template":"","meta":{"_crdt_document":"","advanced_seo_description":"","jetpack_seo_html_title":"","jetpack_seo_noindex":false,"footnotes":""},"class_list":["post-338","page","type-page","status-publish","hentry","clear"],"jetpack_likes_enabled":true,"jetpack_sharing_enabled":true,"jetpack_shortlink":"https:\/\/wp.me\/PfWmdx-5s","jetpack-related-posts":[{"id":474,"url":"https:\/\/frenchdliframework.com\/fr\/core-components\/","url_meta":{"origin":338,"position":0},"title":"Principales strat\u00e9gies","author":"Blake Ramsey","date":"14 novembre 2024","format":false,"excerpt":"Core Components of the Framework The Strategic Teaching Framework is organized into seven essential categories of instruction, each with its own dedicated page on this site : Content and Language Objectives Comprehensible Input The Modeling Cycle Language Supports Student Engagement Checks for Understanding Counterbalanced Instruction A comprehensive document with examples\u2026","rel":"","context":"Article similaire","block_context":{"text":"Article similaire","link":""},"img":{"alt_text":"","src":"https:\/\/i0.wp.com\/frenchdliframework.com\/wp-content\/uploads\/2024\/10\/Capture-decran-2024-10-28-a-15.54.48-1.png?resize=350%2C200&ssl=1","width":350,"height":200,"srcset":"https:\/\/i0.wp.com\/frenchdliframework.com\/wp-content\/uploads\/2024\/10\/Capture-decran-2024-10-28-a-15.54.48-1.png?resize=350%2C200&ssl=1 1x, https:\/\/i0.wp.com\/frenchdliframework.com\/wp-content\/uploads\/2024\/10\/Capture-decran-2024-10-28-a-15.54.48-1.png?resize=525%2C300&ssl=1 1.5x"},"classes":[]},{"id":484,"url":"https:\/\/frenchdliframework.com\/fr\/observation-tools\/","url_meta":{"origin":338,"position":1},"title":"Grille d'observation","author":"Blake Ramsey","date":"14 novembre 2024","format":false,"excerpt":"Observation and Planning Tool: Key Strategies in the French DLI Teaching Framework The following observation grid, available in French and English, highlights the core strategies of the French Dual Language Immersion (DLI) Teaching Framework. Each category includes specific \"look fors\" to illustrate the types of pedagogical techniques teachers can use\u2026","rel":"","context":"Article similaire","block_context":{"text":"Article similaire","link":""},"img":{"alt_text":"","src":"https:\/\/i0.wp.com\/frenchdliframework.com\/wp-content\/uploads\/2024\/10\/Capture-decran-2024-10-28-a-15.54.48-1.png?resize=350%2C200&ssl=1","width":350,"height":200,"srcset":"https:\/\/i0.wp.com\/frenchdliframework.com\/wp-content\/uploads\/2024\/10\/Capture-decran-2024-10-28-a-15.54.48-1.png?resize=350%2C200&ssl=1 1x, https:\/\/i0.wp.com\/frenchdliframework.com\/wp-content\/uploads\/2024\/10\/Capture-decran-2024-10-28-a-15.54.48-1.png?resize=525%2C300&ssl=1 1.5x"},"classes":[]},{"id":121,"url":"https:\/\/frenchdliframework.com\/fr\/home\/","url_meta":{"origin":338,"position":2},"title":"\u00c0 propos du cadre","author":"Blake Ramsey","date":"30 juillet 2024","format":false,"excerpt":"Our Mission At its heart, the Strategic Teaching Framework for French DLI helps immersion teachers reflect on and refine their pedagogical approaches. It also promotes collaboration on a national scale by identifying universal strategies that can be shared across states and regions. Our Objectives The framework's ultimate goal is to\u2026","rel":"","context":"Article similaire","block_context":{"text":"Article similaire","link":""},"img":{"alt_text":"","src":"https:\/\/i0.wp.com\/frenchdliframework.com\/wp-content\/uploads\/2024\/10\/Capture-decran-2024-10-28-a-15.54.48-1.png?resize=350%2C200&ssl=1","width":350,"height":200,"srcset":"https:\/\/i0.wp.com\/frenchdliframework.com\/wp-content\/uploads\/2024\/10\/Capture-decran-2024-10-28-a-15.54.48-1.png?resize=350%2C200&ssl=1 1x, https:\/\/i0.wp.com\/frenchdliframework.com\/wp-content\/uploads\/2024\/10\/Capture-decran-2024-10-28-a-15.54.48-1.png?resize=525%2C300&ssl=1 1.5x"},"classes":[]},{"id":170,"url":"https:\/\/frenchdliframework.com\/fr\/","url_meta":{"origin":338,"position":3},"title":"Bienvenue","author":"Blake Ramsey","date":"30 juillet 2024","format":false,"excerpt":"Welcome to the Strategic Pedagogical Framework for French Immersion! This resource is designed to elevate teaching practices in French immersion programs, both nationally and internationally, by providing essential observation and planning tools. Our goal is to support educators in delivering high-quality, effective instruction that meets the unique needs of immersion\u2026","rel":"","context":"Article similaire","block_context":{"text":"Article similaire","link":""},"img":{"alt_text":"","src":"https:\/\/i0.wp.com\/frenchdliframework.com\/wp-content\/uploads\/2024\/11\/Capture-decran-2024-11-17-a-21.59.43.png?resize=350%2C200&ssl=1","width":350,"height":200},"classes":[]},{"id":268,"url":"https:\/\/frenchdliframework.com\/fr\/sample-lessons\/","url_meta":{"origin":338,"position":4},"title":"Le\u00e7ons de d\u00e9monstration","author":"Blake Ramsey","date":"31 juillet 2024","format":false,"excerpt":"Now You Practice Explore effective instructional strategies in action! The following videos feature lessons tailored for both elementary and secondary levels, demonstrating practical approaches within the classroom. Watch and Reflect:Which strategies resonate with you? Identify the techniques that stand out and consider how they can be applied to enhance engagement\u2026","rel":"","context":"Article similaire","block_context":{"text":"Article similaire","link":""},"img":{"alt_text":"","src":"https:\/\/videos.files.wordpress.com\/Ji0ZhoSJ\/observation-elementaire-hd-720p_mov_hd.original.jpg?w=350&h=200&crop=1","width":350,"height":200,"srcset":"https:\/\/videos.files.wordpress.com\/Ji0ZhoSJ\/observation-elementaire-hd-720p_mov_hd.original.jpg?w=350&h=200&crop=1 1x, https:\/\/videos.files.wordpress.com\/Ji0ZhoSJ\/observation-elementaire-hd-720p_mov_hd.original.jpg?w=525&h=300&crop=1 1.5x, https:\/\/videos.files.wordpress.com\/Ji0ZhoSJ\/observation-elementaire-hd-720p_mov_hd.original.jpg?w=700&h=400&crop=1 2x, https:\/\/videos.files.wordpress.com\/Ji0ZhoSJ\/observation-elementaire-hd-720p_mov_hd.original.jpg?w=1050&h=600&crop=1 3x"},"classes":[]},{"id":269,"url":"https:\/\/frenchdliframework.com\/fr\/mentoring\/","url_meta":{"origin":338,"position":5},"title":"3. La p\u00e9dagogie du mod\u00e8le","author":"Blake Ramsey","date":"31 juillet 2024","format":false,"excerpt":"In a dual language immersion classroom, the Modeling Cycle is a structured approach that helps students learn and use the target language effectively. This cycle involves several key steps to ensure clarity and support throughout the learning process. Observable Features of the Modeling Cycle Click on the arrow to the\u2026","rel":"","context":"Article similaire","block_context":{"text":"Article similaire","link":""},"img":{"alt_text":"","src":"https:\/\/videos.files.wordpress.com\/Qtwv6emw\/camille-ped-model-hd-1080p_mov.scrubthumb.jpg?w=350&h=200&crop=1","width":350,"height":200,"srcset":"https:\/\/videos.files.wordpress.com\/Qtwv6emw\/camille-ped-model-hd-1080p_mov.scrubthumb.jpg?w=350&h=200&crop=1 1x, https:\/\/videos.files.wordpress.com\/Qtwv6emw\/camille-ped-model-hd-1080p_mov.scrubthumb.jpg?w=525&h=300&crop=1 1.5x, https:\/\/videos.files.wordpress.com\/Qtwv6emw\/camille-ped-model-hd-1080p_mov.scrubthumb.jpg?w=700&h=400&crop=1 2x, https:\/\/videos.files.wordpress.com\/Qtwv6emw\/camille-ped-model-hd-1080p_mov.scrubthumb.jpg?w=1050&h=600&crop=1 3x, https:\/\/videos.files.wordpress.com\/Qtwv6emw\/camille-ped-model-hd-1080p_mov.scrubthumb.jpg?w=1400&h=800&crop=1 4x"},"classes":[]}],"_links":{"self":[{"href":"https:\/\/frenchdliframework.com\/fr\/wp-json\/wp\/v2\/pages\/338","targetHints":{"allow":["GET"]}}],"collection":[{"href":"https:\/\/frenchdliframework.com\/fr\/wp-json\/wp\/v2\/pages"}],"about":[{"href":"https:\/\/frenchdliframework.com\/fr\/wp-json\/wp\/v2\/types\/page"}],"author":[{"embeddable":true,"href":"https:\/\/frenchdliframework.com\/fr\/wp-json\/wp\/v2\/users\/253769555"}],"replies":[{"embeddable":true,"href":"https:\/\/frenchdliframework.com\/fr\/wp-json\/wp\/v2\/comments?post=338"}],"version-history":[{"count":29,"href":"https:\/\/frenchdliframework.com\/fr\/wp-json\/wp\/v2\/pages\/338\/revisions"}],"predecessor-version":[{"id":700,"href":"https:\/\/frenchdliframework.com\/fr\/wp-json\/wp\/v2\/pages\/338\/revisions\/700"}],"wp:attachment":[{"href":"https:\/\/frenchdliframework.com\/fr\/wp-json\/wp\/v2\/media?parent=338"}],"curies":[{"name":"wp","href":"https:\/\/api.w.org\/{rel}","templated":true}]}}